{"id":670,"date":"2023-01-30T19:29:19","date_gmt":"2023-01-30T18:29:19","guid":{"rendered":"https:\/\/safelinks.bi\/?page_id=670"},"modified":"2023-01-31T16:25:47","modified_gmt":"2023-01-31T15:25:47","slug":"copyrights","status":"publish","type":"page","link":"https:\/\/safelinks.bi\/index.php\/copyrights\/","title":{"rendered":"Copyrights"},"content":{"rendered":"\n<p>Le contenu de ce site web est la prori\u00e9t\u00e9 exclusive de Safelinks et ne peut etre reproduite, en partie ou en integralit\u00e9, sans l&rsquo;accord de Safelinks. Pour plus d&rsquo;informations, ecrivez-nous \u00e0 info@safelinks.bi ou appelez nous au +257 77 77 00 00.<\/p>\n","protected":false},"excerpt":{"rendered":"<p>Le contenu de ce site web est la prori\u00e9t\u00e9 exclusive de Safelinks et ne peut etre reproduite, en partie ou en integralit\u00e9, sans l&rsquo;accord de Safelinks. Pour plus d&rsquo;informations, ecrivez-nous \u00e0 info@safelinks.bi ou appelez nous au +257 77 77 00<\/p>\n","protected":false},"author":1,"featured_media":0,"parent":0,"menu_order":0,"comment_status":"closed","ping_status":"closed","template":"","meta":{"footnotes":""},"class_list":["post-670","page","type-page","status-publish","hentry"],"_links":{"self":[{"href":"https:\/\/safelinks.bi\/index.php\/wp-json\/wp\/v2\/pages\/670","targetHints":{"allow":["GET"]}}],"collection":[{"href":"https:\/\/safelinks.bi\/index.php\/wp-json\/wp\/v2\/pages"}],"about":[{"href":"https:\/\/safelinks.bi\/index.php\/wp-json\/wp\/v2\/types\/page"}],"author":[{"embeddable":true,"href":"https:\/\/safelinks.bi\/index.php\/wp-json\/wp\/v2\/users\/1"}],"replies":[{"embeddable":true,"href":"https:\/\/safelinks.bi\/index.php\/wp-json\/wp\/v2\/comments?post=670"}],"version-history":[{"count":2,"href":"https:\/\/safelinks.bi\/index.php\/wp-json\/wp\/v2\/pages\/670\/revisions"}],"predecessor-version":[{"id":700,"href":"https:\/\/safelinks.bi\/index.php\/wp-json\/wp\/v2\/pages\/670\/revisions\/700"}],"wp:attachment":[{"href":"https:\/\/safelinks.bi\/index.php\/wp-json\/wp\/v2\/media?parent=670"}],"curies":[{"name":"wp","href":"https:\/\/api.w.org\/{rel}","templated":true}]}}