{"id":648,"date":"2023-01-30T16:36:22","date_gmt":"2023-01-30T15:36:22","guid":{"rendered":"https:\/\/safelinks.bi\/?page_id=648"},"modified":"2023-01-31T17:45:05","modified_gmt":"2023-01-31T16:45:05","slug":"solutions-sx4","status":"publish","type":"page","link":"https:\/\/safelinks.bi\/index.php\/solutions-sx4\/","title":{"rendered":"Solutions Sx4"},"content":{"rendered":"\n<figure class=\"wp-block-image size-large is-resized\"><img loading=\"lazy\" decoding=\"async\" src=\"https:\/\/safelinks.bi\/wp-content\/uploads\/2023\/01\/vpn-1024x639.jpg\" alt=\"\" class=\"wp-image-729\" width=\"1134\" height=\"708\" srcset=\"https:\/\/safelinks.bi\/wp-content\/uploads\/2023\/01\/vpn-1024x639.jpg 1024w, https:\/\/safelinks.bi\/wp-content\/uploads\/2023\/01\/vpn-300x187.jpg 300w, https:\/\/safelinks.bi\/wp-content\/uploads\/2023\/01\/vpn-768x480.jpg 768w, https:\/\/safelinks.bi\/wp-content\/uploads\/2023\/01\/vpn-1536x959.jpg 1536w, https:\/\/safelinks.bi\/wp-content\/uploads\/2023\/01\/vpn-2048x1279.jpg 2048w, https:\/\/safelinks.bi\/wp-content\/uploads\/2023\/01\/vpn-600x375.jpg 600w\" sizes=\"auto, (max-width: 1134px) 100vw, 1134px\" \/><\/figure>\n\n\n\n<p>Notre philosophie se r\u00e9sum\u00e9 en 4 S: nous vous apportons les <strong>S<\/strong>olutions de votre <strong>S<\/strong>\u00e9curit\u00e9 et  la <strong>S<\/strong>\u00e9curit\u00e9 de vos <strong>S<\/strong>olutions. Notre \u00e9quipe d&rsquo;experts sera \u00e0 votre \u00e9coute et vous accompagnera pour definir et impl\u00e9menter des solutions et des strat\u00e9gies de s\u00e9curit\u00e9 adapt\u00e9es \u00e0 vos besoins tout en vous proposant les adapations et les am\u00e9liorations idoines de vos propres solutions op\u00e9rationnelles. Avec divers partenariats internationaux dans les domaines des \u00e9quipements et solutions de s\u00e9curit\u00e9 et des capacit\u00e9s propres de production, nous pouvons vous proposer une gamme tr\u00e8s vari\u00e9e de produits mat\u00e9riels et logiciels r\u00e9pondant aux normes de qualit\u00e9 de premier plan. <\/p>\n\n\n\n<p>Visitez r\u00e9guli\u00e8rement cette section pour des offres sp\u00e9cifiques ou <a href=\"https:\/\/safelinks.bi\/index.php\/contact-us\/\" data-type=\"page\" data-id=\"71\">contactez-nous<\/a> pour plus d&rsquo;informations. <\/p>\n","protected":false},"excerpt":{"rendered":"<p>Notre philosophie se r\u00e9sum\u00e9 en 4 S: nous vous apportons les Solutions de votre S\u00e9curit\u00e9 et la S\u00e9curit\u00e9 de vos Solutions. Notre \u00e9quipe d&rsquo;experts sera \u00e0 votre \u00e9coute et vous accompagnera pour definir et impl\u00e9menter des solutions et des strat\u00e9gies<\/p>\n","protected":false},"author":1,"featured_media":0,"parent":0,"menu_order":0,"comment_status":"closed","ping_status":"closed","template":"","meta":{"footnotes":""},"class_list":["post-648","page","type-page","status-publish","hentry"],"_links":{"self":[{"href":"https:\/\/safelinks.bi\/index.php\/wp-json\/wp\/v2\/pages\/648","targetHints":{"allow":["GET"]}}],"collection":[{"href":"https:\/\/safelinks.bi\/index.php\/wp-json\/wp\/v2\/pages"}],"about":[{"href":"https:\/\/safelinks.bi\/index.php\/wp-json\/wp\/v2\/types\/page"}],"author":[{"embeddable":true,"href":"https:\/\/safelinks.bi\/index.php\/wp-json\/wp\/v2\/users\/1"}],"replies":[{"embeddable":true,"href":"https:\/\/safelinks.bi\/index.php\/wp-json\/wp\/v2\/comments?post=648"}],"version-history":[{"count":2,"href":"https:\/\/safelinks.bi\/index.php\/wp-json\/wp\/v2\/pages\/648\/revisions"}],"predecessor-version":[{"id":730,"href":"https:\/\/safelinks.bi\/index.php\/wp-json\/wp\/v2\/pages\/648\/revisions\/730"}],"wp:attachment":[{"href":"https:\/\/safelinks.bi\/index.php\/wp-json\/wp\/v2\/media?parent=648"}],"curies":[{"name":"wp","href":"https:\/\/api.w.org\/{rel}","templated":true}]}}