{"id":646,"date":"2023-01-30T16:35:22","date_gmt":"2023-01-30T15:35:22","guid":{"rendered":"https:\/\/safelinks.bi\/?page_id=646"},"modified":"2023-01-31T17:17:20","modified_gmt":"2023-01-31T16:17:20","slug":"management-des-risques","status":"publish","type":"page","link":"https:\/\/safelinks.bi\/index.php\/management-des-risques\/","title":{"rendered":"Management des risques"},"content":{"rendered":"\n<figure class=\"wp-block-image size-large\"><img loading=\"lazy\" decoding=\"async\" width=\"1024\" height=\"513\" src=\"https:\/\/safelinks.bi\/wp-content\/uploads\/2023\/01\/gestion_catastrophes-2-1024x513.jpg\" alt=\"\" class=\"wp-image-726\" srcset=\"https:\/\/safelinks.bi\/wp-content\/uploads\/2023\/01\/gestion_catastrophes-2-1024x513.jpg 1024w, https:\/\/safelinks.bi\/wp-content\/uploads\/2023\/01\/gestion_catastrophes-2-300x150.jpg 300w, https:\/\/safelinks.bi\/wp-content\/uploads\/2023\/01\/gestion_catastrophes-2-768x384.jpg 768w, https:\/\/safelinks.bi\/wp-content\/uploads\/2023\/01\/gestion_catastrophes-2-1536x769.jpg 1536w, https:\/\/safelinks.bi\/wp-content\/uploads\/2023\/01\/gestion_catastrophes-2-2048x1025.jpg 2048w, https:\/\/safelinks.bi\/wp-content\/uploads\/2023\/01\/gestion_catastrophes-2-600x300.jpg 600w\" sizes=\"auto, (max-width: 1024px) 100vw, 1024px\" \/><\/figure>\n\n\n\n<p>Faites appel \u00e0 notre expertise pour l&rsquo;\u00e9valuation quantitative et qualitative de vos risques de securit\u00e9 et laissez-vous guider par nos experts en strat\u00e9gies de continuit\u00e9 du service qui vous proposerons les solutions sur mesure les plus adapt\u00e9es \u00e0 votre secteur professionnel et vos objectifs commerciaux. Visitez r\u00e9guli\u00e8rement cette section pour des offres sp\u00e9cifiques ou <a href=\"https:\/\/safelinks.bi\/index.php\/contact-us\/\" data-type=\"page\" data-id=\"71\">contactez-nous<\/a> pour en savoir plus. <\/p>\n","protected":false},"excerpt":{"rendered":"<p>Faites appel \u00e0 notre expertise pour l&rsquo;\u00e9valuation quantitative et qualitative de vos risques de securit\u00e9 et laissez-vous guider par nos experts en strat\u00e9gies de continuit\u00e9 du service qui vous proposerons les solutions sur mesure les plus adapt\u00e9es \u00e0 votre secteur<\/p>\n","protected":false},"author":1,"featured_media":0,"parent":0,"menu_order":0,"comment_status":"closed","ping_status":"closed","template":"","meta":{"footnotes":""},"class_list":["post-646","page","type-page","status-publish","hentry"],"_links":{"self":[{"href":"https:\/\/safelinks.bi\/index.php\/wp-json\/wp\/v2\/pages\/646","targetHints":{"allow":["GET"]}}],"collection":[{"href":"https:\/\/safelinks.bi\/index.php\/wp-json\/wp\/v2\/pages"}],"about":[{"href":"https:\/\/safelinks.bi\/index.php\/wp-json\/wp\/v2\/types\/page"}],"author":[{"embeddable":true,"href":"https:\/\/safelinks.bi\/index.php\/wp-json\/wp\/v2\/users\/1"}],"replies":[{"embeddable":true,"href":"https:\/\/safelinks.bi\/index.php\/wp-json\/wp\/v2\/comments?post=646"}],"version-history":[{"count":4,"href":"https:\/\/safelinks.bi\/index.php\/wp-json\/wp\/v2\/pages\/646\/revisions"}],"predecessor-version":[{"id":727,"href":"https:\/\/safelinks.bi\/index.php\/wp-json\/wp\/v2\/pages\/646\/revisions\/727"}],"wp:attachment":[{"href":"https:\/\/safelinks.bi\/index.php\/wp-json\/wp\/v2\/media?parent=646"}],"curies":[{"name":"wp","href":"https:\/\/api.w.org\/{rel}","templated":true}]}}