{"id":644,"date":"2023-01-30T16:34:37","date_gmt":"2023-01-30T15:34:37","guid":{"rendered":"https:\/\/safelinks.bi\/?page_id=644"},"modified":"2023-01-31T17:57:03","modified_gmt":"2023-01-31T16:57:03","slug":"audit-de-la-securite","status":"publish","type":"page","link":"https:\/\/safelinks.bi\/index.php\/audit-de-la-securite\/","title":{"rendered":"Audit de la S\u00e9curit\u00e9"},"content":{"rendered":"\n<figure class=\"wp-block-image size-large\"><img loading=\"lazy\" decoding=\"async\" width=\"1024\" height=\"506\" src=\"https:\/\/safelinks.bi\/wp-content\/uploads\/2023\/01\/securite_personnel-1024x506.jpg\" alt=\"\" class=\"wp-image-723\" srcset=\"https:\/\/safelinks.bi\/wp-content\/uploads\/2023\/01\/securite_personnel-1024x506.jpg 1024w, https:\/\/safelinks.bi\/wp-content\/uploads\/2023\/01\/securite_personnel-300x148.jpg 300w, https:\/\/safelinks.bi\/wp-content\/uploads\/2023\/01\/securite_personnel-768x379.jpg 768w, https:\/\/safelinks.bi\/wp-content\/uploads\/2023\/01\/securite_personnel-1536x758.jpg 1536w, https:\/\/safelinks.bi\/wp-content\/uploads\/2023\/01\/securite_personnel-2048x1011.jpg 2048w, https:\/\/safelinks.bi\/wp-content\/uploads\/2023\/01\/securite_personnel-600x296.jpg 600w\" sizes=\"auto, (max-width: 1024px) 100vw, 1024px\" \/><\/figure>\n\n\n\n<p>Nous vous proposons divers services d&rsquo;audit de la securit\u00e9 des entreprises, de l&rsquo;audit de la s\u00e9curit\u00e9 physique aux tests de p\u00e9n\u00e9tration des syst\u00e8mes d&rsquo;information (pen testing) en passant par l&rsquo;audit des proc\u00e9dures, de la conformit\u00e9, des infrastructures ainsi que plusieurs autres aspects qui constituent les piliers de la s\u00e9curit\u00e9 et la suret\u00e9 de votre activit\u00e9 professionnelle. Visitez r\u00e9guli\u00e8rement cette section ou<a href=\"https:\/\/safelinks.bi\/index.php\/contact-us\/\" data-type=\"page\" data-id=\"71\"> contactez-nous<\/a> pour en savoir plus. <\/p>\n","protected":false},"excerpt":{"rendered":"<p>Nous vous proposons divers services d&rsquo;audit de la securit\u00e9 des entreprises, de l&rsquo;audit de la s\u00e9curit\u00e9 physique aux tests de p\u00e9n\u00e9tration des syst\u00e8mes d&rsquo;information (pen testing) en passant par l&rsquo;audit des proc\u00e9dures, de la conformit\u00e9, des infrastructures ainsi que plusieurs<\/p>\n","protected":false},"author":1,"featured_media":0,"parent":0,"menu_order":0,"comment_status":"closed","ping_status":"closed","template":"","meta":{"footnotes":""},"class_list":["post-644","page","type-page","status-publish","hentry"],"_links":{"self":[{"href":"https:\/\/safelinks.bi\/index.php\/wp-json\/wp\/v2\/pages\/644","targetHints":{"allow":["GET"]}}],"collection":[{"href":"https:\/\/safelinks.bi\/index.php\/wp-json\/wp\/v2\/pages"}],"about":[{"href":"https:\/\/safelinks.bi\/index.php\/wp-json\/wp\/v2\/types\/page"}],"author":[{"embeddable":true,"href":"https:\/\/safelinks.bi\/index.php\/wp-json\/wp\/v2\/users\/1"}],"replies":[{"embeddable":true,"href":"https:\/\/safelinks.bi\/index.php\/wp-json\/wp\/v2\/comments?post=644"}],"version-history":[{"count":5,"href":"https:\/\/safelinks.bi\/index.php\/wp-json\/wp\/v2\/pages\/644\/revisions"}],"predecessor-version":[{"id":735,"href":"https:\/\/safelinks.bi\/index.php\/wp-json\/wp\/v2\/pages\/644\/revisions\/735"}],"wp:attachment":[{"href":"https:\/\/safelinks.bi\/index.php\/wp-json\/wp\/v2\/media?parent=644"}],"curies":[{"name":"wp","href":"https:\/\/api.w.org\/{rel}","templated":true}]}}