{"id":642,"date":"2023-01-30T16:33:25","date_gmt":"2023-01-30T15:33:25","guid":{"rendered":"https:\/\/safelinks.bi\/?page_id=642"},"modified":"2023-01-31T17:14:52","modified_gmt":"2023-01-31T16:14:52","slug":"formation-du-personnel","status":"publish","type":"page","link":"https:\/\/safelinks.bi\/index.php\/formation-du-personnel\/","title":{"rendered":"Formation du Personnel"},"content":{"rendered":"\n<figure class=\"wp-block-image size-large\"><img loading=\"lazy\" decoding=\"async\" width=\"1024\" height=\"410\" src=\"https:\/\/safelinks.bi\/wp-content\/uploads\/2023\/01\/trainer-1-1024x410.jpg\" alt=\"\" class=\"wp-image-607\" srcset=\"https:\/\/safelinks.bi\/wp-content\/uploads\/2023\/01\/trainer-1-1024x410.jpg 1024w, https:\/\/safelinks.bi\/wp-content\/uploads\/2023\/01\/trainer-1-300x120.jpg 300w, https:\/\/safelinks.bi\/wp-content\/uploads\/2023\/01\/trainer-1-768x307.jpg 768w, https:\/\/safelinks.bi\/wp-content\/uploads\/2023\/01\/trainer-1-1536x615.jpg 1536w, https:\/\/safelinks.bi\/wp-content\/uploads\/2023\/01\/trainer-1-2048x820.jpg 2048w, https:\/\/safelinks.bi\/wp-content\/uploads\/2023\/01\/trainer-1-600x240.jpg 600w\" sizes=\"auto, (max-width: 1024px) 100vw, 1024px\" \/><\/figure>\n\n\n\n<p>Nous proposons  des formations mixtes ainsi que des formations techniques sp\u00e9cialis\u00e9es pour diff\u00e9rentes cat\u00e9gories de profils ou de secteurs d\u2019activit\u00e9 (juristes, informaticiens, managers, services de d\u00e9fense et de s\u00e9curit\u00e9, services de sant\u00e9, services de l\u2019am\u00e9nagement urbain, etc.). Visitez r\u00e9guli\u00e8rement \u00a0cette section ou <a href=\"https:\/\/safelinks.bi\/index.php\/contact-us\/\" data-type=\"page\" data-id=\"71\">contactez-nous<\/a> pour en savoir plus.<\/p>\n","protected":false},"excerpt":{"rendered":"<p>Nous proposons des formations mixtes ainsi que des formations techniques sp\u00e9cialis\u00e9es pour diff\u00e9rentes cat\u00e9gories de profils ou de secteurs d\u2019activit\u00e9 (juristes, informaticiens, managers, services de d\u00e9fense et de s\u00e9curit\u00e9, services de sant\u00e9, services de l\u2019am\u00e9nagement urbain, etc.). Visitez r\u00e9guli\u00e8rement \u00a0cette<\/p>\n","protected":false},"author":1,"featured_media":0,"parent":0,"menu_order":0,"comment_status":"closed","ping_status":"closed","template":"","meta":{"footnotes":""},"class_list":["post-642","page","type-page","status-publish","hentry"],"_links":{"self":[{"href":"https:\/\/safelinks.bi\/index.php\/wp-json\/wp\/v2\/pages\/642","targetHints":{"allow":["GET"]}}],"collection":[{"href":"https:\/\/safelinks.bi\/index.php\/wp-json\/wp\/v2\/pages"}],"about":[{"href":"https:\/\/safelinks.bi\/index.php\/wp-json\/wp\/v2\/types\/page"}],"author":[{"embeddable":true,"href":"https:\/\/safelinks.bi\/index.php\/wp-json\/wp\/v2\/users\/1"}],"replies":[{"embeddable":true,"href":"https:\/\/safelinks.bi\/index.php\/wp-json\/wp\/v2\/comments?post=642"}],"version-history":[{"count":4,"href":"https:\/\/safelinks.bi\/index.php\/wp-json\/wp\/v2\/pages\/642\/revisions"}],"predecessor-version":[{"id":725,"href":"https:\/\/safelinks.bi\/index.php\/wp-json\/wp\/v2\/pages\/642\/revisions\/725"}],"wp:attachment":[{"href":"https:\/\/safelinks.bi\/index.php\/wp-json\/wp\/v2\/media?parent=642"}],"curies":[{"name":"wp","href":"https:\/\/api.w.org\/{rel}","templated":true}]}}