{"id":476,"date":"2017-06-13T04:11:50","date_gmt":"2017-06-13T04:11:50","guid":{"rendered":"https:\/\/demo.themegrill.com\/suffice\/?page_id=5"},"modified":"2025-04-20T01:13:54","modified_gmt":"2025-04-19T23:13:54","slug":"home","status":"publish","type":"page","link":"https:\/\/safelinks.bi\/","title":{"rendered":"Home"},"content":{"rendered":"<div id=\"pl-476\"  class=\"panel-layout\" ><div id=\"pg-476-0\"  class=\"panel-grid panel-has-style\" ><div class=\"siteorigin-panels-stretch panel-row-style panel-row-style-for-476-0\" data-stretch-type=\"full-stretched\" ><div id=\"pgc-476-0-0\"  class=\"panel-grid-cell\" ><div id=\"panel-476-0-0-0\" class=\"so-panel widget widget_themegrill_suffice_slider tg-section tg-slider-widget panel-first-child panel-last-child\" data-index=\"0\" ><div class=\"panel-widget-style panel-widget-style-for-476-0-0-0\" >\n\t<div class=\"slider slider-hide-controls slider-controls-flat slider-height--full\">\n\t\t<div class=\"swiper-container\" data-swiper-autoplay=\"true\">\n\t\t\t<div class=\"swiper-wrapper\">\n\t\t\t\t\t\t\t\t\t\t<div class=\"swiper-slide\">\n\t\t\t\t\t\t\t<div class=\"slider-content slider-content-default slider-content--center\">\n\t\t\t\t\t\t\t\t<div class=\"container\">\n\t\t\t\t\t\t\t\t\t<div class=\"slider-content-inner\">\n\t\t\t\t\t\t\t\t\t\t\t\t\t\t\t\t\t\t\t\t\t<h3 class=\"slider-title\">Le nouveau code des communications \u00e9lectroniques au Burundi face aux d\u00e9fis de la cybers\u00e9curit\u00e9<\/h3>\n\t\t\t\t\t\t\t\t\t\t\n\t\t\t\t\t\t\t\t\t\t\n\t\t\t\t\t\t\t\t\t\t\t\t\t\t\t\t\t\t\t\t\t<a class=\"btn btn-default btn-rounded btn-medium btn-primary\" href=\"https:\/\/safelinks.bi\/index.php\/2025\/04\/19\/le-nouveau-code-des-communications-electroniques-au-burundi-face-aux-defis-de-la-cybersecurite\/\"> EN SAVOIR PLUS <\/a>\n\t\t\t\t\t\t\t\t\t\t\t\t\t\t\t\t\t\t\t<\/div> <!-- slider-content-inner -->\n\t\t\t\t\t\t\t\t<\/div> <!-- .container -->\n\t\t\t\t\t\t\t<\/div> <!-- .slider-content -->\n\t\t\t\t\t\t\t<figure class=\"slider-thumbnail\">\n\t\t\t\t\t\t\t\t<img decoding=\"async\" src=\"https:\/\/safelinks.bi\/wp-content\/uploads\/2025\/04\/wp4332843.webp\" alt=\"Le nouveau code des communications \u00e9lectroniques au Burundi face aux d\u00e9fis de la cybers\u00e9curit\u00e9\" \/>\n\t\t\t\t\t\t\t<\/figure>\n\t\t\t\t\t\t<\/div> <!-- swiper-slide -->\n\t\t\t\t\t\t\t\t\t<\/div> <!-- end swiper-wrapper -->\n\n\t\t\t<div class=\"swiper-pagination\"><\/div>\n\t\t\t<div class=\"swiper-button-next\"><\/div>\n\t\t\t<div class=\"swiper-button-prev\"><\/div>\n\t\t<\/div> <!-- end swiper-container -->\n\n\t<\/div> <!-- end slider -->\n<\/div><\/div><\/div><\/div><\/div><div id=\"pg-476-1\"  class=\"panel-grid panel-has-style\" ><div class=\"siteorigin-panels-stretch panel-row-style panel-row-style-for-476-1\" data-stretch-type=\"full\" ><div id=\"pgc-476-1-0\"  class=\"panel-grid-cell\" ><div id=\"panel-476-1-0-0\" class=\"so-panel widget widget_themegrill_suffice_title tg-title-container panel-first-child\" data-index=\"1\" ><div class=\"title title-default title-center\">\n\t<h3 class=\"title-title\">NOUS VOUS ACCOMPAGNONS AVEC<\/h3>\n\n\t\n\t\n\t<\/div>\n<\/div><div id=\"panel-476-1-0-1\" class=\"so-panel widget widget_siteorigin-panels-builder panel-last-child\" data-index=\"2\" ><div class=\"panel-widget-style panel-widget-style-for-476-1-0-1\" ><div id=\"pl-w63d94a05166a3\"  class=\"panel-layout\" ><div id=\"pg-w63d94a05166a3-0\"  class=\"panel-grid panel-no-style\" ><div id=\"pgc-w63d94a05166a3-0-0\"  class=\"panel-grid-cell\" ><div id=\"panel-w63d94a05166a3-0-0-0\" class=\"so-panel widget widget_themegrill_suffice_iconbox tg-iconbox-container panel-first-child panel-last-child\" data-index=\"0\" ><div class=\"icon-box icon-box-center icon-box-hexagon\">\n\t\t\t<div class=\"icon-box-icon\" style=color:#ffffff;font-size:32px;background-color:#7be0f2;>\n\t\t\t<div class=\"icon-box-icon-container\">\n\t\t\t\t<div class=\"icon-box-inner-icon\">\n\t\t\t\t\t<i class=\"fa fa-users\"><\/i>\n\t\t\t\t<\/div>\n\t\t\t<\/div>\n\t\t<\/div>\n\t\t\t<div class=\"icon-box-description\">\n\t\t\t\t\t<h5 class=\"icon-box-title\">FORMATION DU PERSONEL<\/h5>\n\t\t\t\t\t\t\t<p class=\"icon-box-content\">Nous proposons des formations mixtes ainsi que des formations techniques sp\u00e9cialis\u00e9es pour diff\u00e9rentes cat\u00e9gories de profils ou de secteurs d\u2019activit\u00e9<\/p>\n\t\t\t\t\t\t\t<a class=\"icon-box-readmore\" href=\"https:\/\/safelinks.bi\/index.php\/formation-du-personnel\/\">LIRE PLUS<\/a>\n\t\t\t<\/div>\n<\/div> <!-- end icon-box -->\n<\/div><\/div><div id=\"pgc-w63d94a05166a3-0-1\"  class=\"panel-grid-cell\" ><div id=\"panel-w63d94a05166a3-0-1-0\" class=\"so-panel widget widget_themegrill_suffice_iconbox tg-iconbox-container panel-first-child panel-last-child\" data-index=\"1\" ><div class=\"icon-box icon-box-center icon-box-hexagon\">\n\t\t\t<div class=\"icon-box-icon\" style=color:#ffffff;font-size:32px;background-color:#a0c695;>\n\t\t\t<div class=\"icon-box-icon-container\">\n\t\t\t\t<div class=\"icon-box-inner-icon\">\n\t\t\t\t\t<i class=\"fa fa-gears\"><\/i>\n\t\t\t\t<\/div>\n\t\t\t<\/div>\n\t\t<\/div>\n\t\t\t<div class=\"icon-box-description\">\n\t\t\t\t\t<h5 class=\"icon-box-title\">Audit de la S\u00e9curit\u00e9<\/h5>\n\t\t\t\t\t\t\t<p class=\"icon-box-content\">Nous vous proposons divers services d\u2019audit de la securit\u00e9 des entreprises, de l\u2019audit de la s\u00e9curit\u00e9 physique aux tests de p\u00e9n\u00e9tration des syst\u00e8mes d\u2019information<\/p>\n\t\t\t\t\t\t\t<a class=\"icon-box-readmore\" href=\"https:\/\/safelinks.bi\/index.php\/audit-de-la-securite\/\">LIRE PLUS<\/a>\n\t\t\t<\/div>\n<\/div> <!-- end icon-box -->\n<\/div><\/div><div id=\"pgc-w63d94a05166a3-0-2\"  class=\"panel-grid-cell\" ><div id=\"panel-w63d94a05166a3-0-2-0\" class=\"so-panel widget widget_themegrill_suffice_iconbox tg-iconbox-container panel-first-child panel-last-child\" data-index=\"2\" ><div class=\"icon-box icon-box-center icon-box-hexagon\">\n\t\t\t<div class=\"icon-box-icon\" style=color:#ffffff;font-size:32px;background-color:#ddd69e;>\n\t\t\t<div class=\"icon-box-icon-container\">\n\t\t\t\t<div class=\"icon-box-inner-icon\">\n\t\t\t\t\t<i class=\"fa fa-sliders\"><\/i>\n\t\t\t\t<\/div>\n\t\t\t<\/div>\n\t\t<\/div>\n\t\t\t<div class=\"icon-box-description\">\n\t\t\t\t\t<h5 class=\"icon-box-title\">MANAGEMENT DES RISQUES<\/h5>\n\t\t\t\t\t\t\t<p class=\"icon-box-content\">Faites appel \u00e0 notre expertise pour l\u2019\u00e9valuation quantitative et qualitative de vos risques de securit\u00e9 et laissez-vous guider par nos experts en strat\u00e9gies de continuit\u00e9 du service<\/p>\n\t\t\t\t\t\t\t<a class=\"icon-box-readmore\" href=\"https:\/\/safelinks.bi\/index.php\/management-des-risques\/\">LIRE PLUS<\/a>\n\t\t\t<\/div>\n<\/div> <!-- end icon-box -->\n<\/div><\/div><div id=\"pgc-w63d94a05166a3-0-3\"  class=\"panel-grid-cell\" ><div id=\"panel-w63d94a05166a3-0-3-0\" class=\"so-panel widget widget_themegrill_suffice_iconbox tg-iconbox-container panel-first-child panel-last-child\" data-index=\"3\" ><div class=\"icon-box icon-box-center icon-box-hexagon\">\n\t\t\t<div class=\"icon-box-icon\" style=color:#ffffff;font-size:32px;background-color:#dd9ebd;>\n\t\t\t<div class=\"icon-box-icon-container\">\n\t\t\t\t<div class=\"icon-box-inner-icon\">\n\t\t\t\t\t<i class=\"fa fa-cube\"><\/i>\n\t\t\t\t<\/div>\n\t\t\t<\/div>\n\t\t<\/div>\n\t\t\t<div class=\"icon-box-description\">\n\t\t\t\t\t<h5 class=\"icon-box-title\">DES SOLUTIONS Sx4<\/h5>\n\t\t\t\t\t\t\t<p class=\"icon-box-content\">Notre philosophie se r\u00e9sum\u00e9 en 4 S: nous vous apportons les Solutions de votre S\u00e9curit\u00e9 et la S\u00e9curit\u00e9 de vos Solutions<\/p>\n\t\t\t\t\t\t\t<a class=\"icon-box-readmore\" href=\"https:\/\/safelinks.bi\/index.php\/solutions-sx4\/\">LIRE PLUS<\/a>\n\t\t\t<\/div>\n<\/div> <!-- end icon-box -->\n<\/div><\/div><\/div><\/div><\/div><\/div><\/div><\/div><\/div><div id=\"pg-476-2\"  class=\"panel-grid panel-has-style\" ><div class=\"siteorigin-panels-stretch panel-row-style panel-row-style-for-476-2\" data-stretch-type=\"full\" ><div id=\"pgc-476-2-0\"  class=\"panel-grid-cell\" ><div id=\"panel-476-2-0-0\" class=\"so-panel widget widget_themegrill_suffice_title tg-title-container panel-first-child panel-last-child\" data-index=\"3\" ><div class=\"title title-default title-center\">\n\t<h3 class=\"title-title\">NOS PLUS RECENTES PUBLICATIONS<\/h3>\n\n\t\n\t\n\t<\/div>\n<\/div><\/div><\/div><\/div><div id=\"pg-476-3\"  class=\"panel-grid panel-has-style\" ><div class=\"panel-row-style panel-row-style-for-476-3\" ><div id=\"pgc-476-3-0\"  class=\"panel-grid-cell\" ><div id=\"panel-476-3-0-0\" class=\"so-panel widget widget_themegrill_suffice_blog tg-blog-container panel-first-child panel-last-child\" data-index=\"4\" >\n<div class=\"blog-post-container\">\n\t\t\t\t<div class=\"row\">\n\t\t\t\t\t\t\t\t\t\t\t\t\t<article class=\"post col-sm-6 post-style-grid col-md-4\">\n\t\t\t\t\t\t<div class=\"article-inner\">\n\n\t\t\t\t\t\t\t<!-- ====== Entry Thumbnail =====  -->\n\t\t\t\t\t\t\t<figure class=\"entry-thumbnail\">\n\t\t\t\t\t\t\t\t<img loading=\"lazy\" decoding=\"async\" width=\"750\" height=\"420\" src=\"https:\/\/safelinks.bi\/wp-content\/uploads\/2025\/04\/INGA-IMAGE_72-750x420.jpg\" class=\"attachment-suffice-thumbnail-grid size-suffice-thumbnail-grid wp-post-image\" alt=\"\" \/>\t\t\t\t\t\t\t\t\t\t\t\t\t\t\t<\/figure>\n\n\t\t\t\t\t\t\t\n\t\t\t\t\t\t\t\t<!-- ====== Entry Header =====  -->\n\t\t\t\t\t\t\t\t<header class=\"entry-header\">\n\t\t\t\t\t\t\t\t\t<a href=\"https:\/\/safelinks.bi\/index.php\/2025\/04\/19\/formation-des-analystes-soc-notre-approche-pour-renforcer-la-cyberdefense-dentreprise\/\">\n\t\t\t\t\t\t\t\t\t\t<h3 class=\"entry-title\">Formation des Analystes SOC\u00a0: notre approche pour renforcer la cyberd\u00e9fense d\u2019entreprise<\/h3><\/a>\n\t\t\t\t\t\t\t\t\t\t\t\t\t\t\t\t\t\t\t<div class=\"entry-meta\">\n\t\t\t\t\t\t<span class=\"posted-by\">\n\t\t\t\t\t\tpar <a class=\"url fn n\" href=\"https:\/\/safelinks.bi\/index.php\/author\/nifasha11\/\">safelinks<\/a>\t\t\t\t\t\t<\/span>\n\t\t\t\t\t\t\t\t\t\t\t<span class=\"comments\"><a href=\"https:\/\/safelinks.bi\/index.php\/2025\/04\/19\/formation-des-analystes-soc-notre-approche-pour-renforcer-la-cyberdefense-dentreprise\/#respond\">Laisser un commentaire<span class=\"screen-reader-text\"> sur Formation des Analystes SOC\u00a0: notre approche pour renforcer la cyberd\u00e9fense d\u2019entreprise<\/span><\/a><\/span>\t\t\t\t\t\t\t\t\t\t<\/div>\n\t\t\t\t\t\t\t\t\t\t\t\t\t\t\t\t\t<\/header>  <!-- .entry-header -->\n\n\t\t\t\t\t\t\t\t<!-- ====== Entry Content =====  -->\n\t\t\t\t\t\t\t\t<div class=\"entry-content\">\n\t\t\t\t\t\t\t\t\t<p>\n\t\t\t\t\t\t\t\t\t\tPhoto\u00a0: S\u00e9ance de formation d\u2019analystes SOC \u00e0 la soci\u00e9t\u00e9 BBS Une \u00e9tude r\u00e9alis\u00e9e par l\u2019entreprise C4GATE (Italie) au d\u00e9but de l\u2019ann\u00e9e 2023 montrait que dans 82% des cas d\u2019une violation de donn\u00e9es, ces derni\u00e8res peuvent \u00eatre alt\u00e9r\u00e9es ou exfiltr\u00e9es dans\t\t\t\t\t\t\t\t\t<\/p>\n\n\t\t\t\t\t\t\t\t\t\t\t\t\t\t\t\t\t\t\t<a href=\"https:\/\/safelinks.bi\/index.php\/2025\/04\/19\/formation-des-analystes-soc-notre-approche-pour-renforcer-la-cyberdefense-dentreprise\/\" class=\"read-more\">Read More<\/a>\n\t\t\t\t\t\t\t\t\t\t\t\t\t\t\t\t\t<\/div> <!-- entry-content -->\n\n\t\t\t\t\t\t\t\t<!-- ====== Entry Meta =====  -->\n\t\t\t\t\t\t\t\t\n\t\t\t\t\t\t\t\t\t\t\t\t\t\t\t\t\t\t\t\t\t\t\t\t<\/div>  <!-- .article-inner -->\n\t\t\t\t\t<\/article> <!-- end post-style-* -->\n\t\t\t\t\t\t\t\t\t<article class=\"post col-sm-6 post-style-grid col-md-4\">\n\t\t\t\t\t\t<div class=\"article-inner\">\n\n\t\t\t\t\t\t\t<!-- ====== Entry Thumbnail =====  -->\n\t\t\t\t\t\t\t<figure class=\"entry-thumbnail\">\n\t\t\t\t\t\t\t\t<img loading=\"lazy\" decoding=\"async\" width=\"750\" height=\"420\" src=\"https:\/\/safelinks.bi\/wp-content\/uploads\/2025\/04\/Ntare-Rushatsi-House-scaled-1-750x420.jpg\" class=\"attachment-suffice-thumbnail-grid size-suffice-thumbnail-grid wp-post-image\" alt=\"\" \/>\t\t\t\t\t\t\t\t\t\t\t\t\t\t\t<\/figure>\n\n\t\t\t\t\t\t\t\n\t\t\t\t\t\t\t\t<!-- ====== Entry Header =====  -->\n\t\t\t\t\t\t\t\t<header class=\"entry-header\">\n\t\t\t\t\t\t\t\t\t<a href=\"https:\/\/safelinks.bi\/index.php\/2025\/04\/19\/le-nouveau-code-des-communications-electroniques-au-burundi-face-aux-defis-de-la-cybersecurite\/\">\n\t\t\t\t\t\t\t\t\t\t<h3 class=\"entry-title\">Le nouveau code des communications \u00e9lectroniques\u00a0au Burundi face aux d\u00e9fis de la cybers\u00e9curit\u00e9<\/h3><\/a>\n\t\t\t\t\t\t\t\t\t\t\t\t\t\t\t\t\t\t\t<div class=\"entry-meta\">\n\t\t\t\t\t\t<span class=\"posted-by\">\n\t\t\t\t\t\tpar <a class=\"url fn n\" href=\"https:\/\/safelinks.bi\/index.php\/author\/nifasha11\/\">safelinks<\/a>\t\t\t\t\t\t<\/span>\n\t\t\t\t\t\t\t\t\t\t\t<span class=\"comments\"><a href=\"https:\/\/safelinks.bi\/index.php\/2025\/04\/19\/le-nouveau-code-des-communications-electroniques-au-burundi-face-aux-defis-de-la-cybersecurite\/#respond\">Laisser un commentaire<span class=\"screen-reader-text\"> sur Le nouveau code des communications \u00e9lectroniques\u00a0au Burundi face aux d\u00e9fis de la cybers\u00e9curit\u00e9<\/span><\/a><\/span>\t\t\t\t\t\t\t\t\t\t<\/div>\n\t\t\t\t\t\t\t\t\t\t\t\t\t\t\t\t\t<\/header>  <!-- .entry-header -->\n\n\t\t\t\t\t\t\t\t<!-- ====== Entry Content =====  -->\n\t\t\t\t\t\t\t\t<div class=\"entry-content\">\n\t\t\t\t\t\t\t\t\t<p>\n\t\t\t\t\t\t\t\t\t\tLe 22 ao\u00fbt 2024, une loi portant nouveau code des communications \u00e9lectroniques a \u00e9t\u00e9 promulgu\u00e9e pour r\u00e9pondre au besoin d\u2019adaptation du cadre r\u00e9glementaire \u00e0 l\u2019\u00e9volution des communications \u00e9lectroniques. Le texte de base qui r\u00e9gissait le secteur jusque-l\u00e0 datait de 1997,\t\t\t\t\t\t\t\t\t<\/p>\n\n\t\t\t\t\t\t\t\t\t\t\t\t\t\t\t\t\t\t\t<a href=\"https:\/\/safelinks.bi\/index.php\/2025\/04\/19\/le-nouveau-code-des-communications-electroniques-au-burundi-face-aux-defis-de-la-cybersecurite\/\" class=\"read-more\">Read More<\/a>\n\t\t\t\t\t\t\t\t\t\t\t\t\t\t\t\t\t<\/div> <!-- entry-content -->\n\n\t\t\t\t\t\t\t\t<!-- ====== Entry Meta =====  -->\n\t\t\t\t\t\t\t\t\n\t\t\t\t\t\t\t\t\t\t\t\t\t\t\t\t\t\t\t\t\t\t\t\t<\/div>  <!-- .article-inner -->\n\t\t\t\t\t<\/article> <!-- end post-style-* -->\n\t\t\t\t\t\t\t\t\t<article class=\"post col-sm-6 post-style-grid col-md-4\">\n\t\t\t\t\t\t<div class=\"article-inner\">\n\n\t\t\t\t\t\t\t<!-- ====== Entry Thumbnail =====  -->\n\t\t\t\t\t\t\t<figure class=\"entry-thumbnail\">\n\t\t\t\t\t\t\t\t<img loading=\"lazy\" decoding=\"async\" width=\"750\" height=\"420\" src=\"https:\/\/safelinks.bi\/wp-content\/uploads\/2023\/01\/cropped-securite_applications-scaled-1-750x420.jpg\" class=\"attachment-suffice-thumbnail-grid size-suffice-thumbnail-grid wp-post-image\" alt=\"\" srcset=\"https:\/\/safelinks.bi\/wp-content\/uploads\/2023\/01\/cropped-securite_applications-scaled-1-750x420.jpg 750w, https:\/\/safelinks.bi\/wp-content\/uploads\/2023\/01\/cropped-securite_applications-scaled-1-300x169.jpg 300w\" sizes=\"auto, (max-width: 750px) 100vw, 750px\" \/>\t\t\t\t\t\t\t\t\t\t\t\t\t\t\t<\/figure>\n\n\t\t\t\t\t\t\t\n\t\t\t\t\t\t\t\t<!-- ====== Entry Header =====  -->\n\t\t\t\t\t\t\t\t<header class=\"entry-header\">\n\t\t\t\t\t\t\t\t\t<a href=\"https:\/\/safelinks.bi\/index.php\/2023\/01\/31\/formation-du-13-au-17-fevrier-2023-a-lhotel-royal-palace-de-bujumbura\/\">\n\t\t\t\t\t\t\t\t\t\t<h3 class=\"entry-title\">Formation du 13 au 17 f\u00e9vrier 2023 \u00e0 l\u2019Hotel Royal Palace de Bujumbura<\/h3><\/a>\n\t\t\t\t\t\t\t\t\t\t\t\t\t\t\t\t\t\t\t<div class=\"entry-meta\">\n\t\t\t\t\t\t<span class=\"posted-by\">\n\t\t\t\t\t\tpar <a class=\"url fn n\" href=\"https:\/\/safelinks.bi\/index.php\/author\/nifasha11\/\">safelinks<\/a>\t\t\t\t\t\t<\/span>\n\t\t\t\t\t\t\t\t\t\t\t<span class=\"comments\"><a href=\"https:\/\/safelinks.bi\/index.php\/2023\/01\/31\/formation-du-13-au-17-fevrier-2023-a-lhotel-royal-palace-de-bujumbura\/#respond\">Laisser un commentaire<span class=\"screen-reader-text\"> sur Formation du 13 au 17 f\u00e9vrier 2023 \u00e0 l\u2019Hotel Royal Palace de Bujumbura<\/span><\/a><\/span>\t\t\t\t\t\t\t\t\t\t<\/div>\n\t\t\t\t\t\t\t\t\t\t\t\t\t\t\t\t\t<\/header>  <!-- .entry-header -->\n\n\t\t\t\t\t\t\t\t<!-- ====== Entry Content =====  -->\n\t\t\t\t\t\t\t\t<div class=\"entry-content\">\n\t\t\t\t\t\t\t\t\t<p>\n\t\t\t\t\t\t\t\t\t\tTh\u00e8me: S\u00e9curit\u00e9 des syst\u00e8mes d&rsquo;information en milieu professionnel Qui sommes-nous? Au-del\u00e0 d\u2019une strat\u00e9gie nationale qui compte en faire un tremplin du d\u00e9veloppement, la digitalisation devient de plus en plus une r\u00e9alit\u00e9 quotidienne au Burundi avec des solutions qui s\u2019orientent vers\t\t\t\t\t\t\t\t\t<\/p>\n\n\t\t\t\t\t\t\t\t\t\t\t\t\t\t\t\t\t\t\t<a href=\"https:\/\/safelinks.bi\/index.php\/2023\/01\/31\/formation-du-13-au-17-fevrier-2023-a-lhotel-royal-palace-de-bujumbura\/\" class=\"read-more\">Read More<\/a>\n\t\t\t\t\t\t\t\t\t\t\t\t\t\t\t\t\t<\/div> <!-- entry-content -->\n\n\t\t\t\t\t\t\t\t<!-- ====== Entry Meta =====  -->\n\t\t\t\t\t\t\t\t\n\t\t\t\t\t\t\t\t\t\t\t\t\t\t\t\t\t\t\t\t\t\t\t\t<\/div>  <!-- .article-inner -->\n\t\t\t\t\t<\/article> <!-- end post-style-* -->\n\t\t\t\t\t\t\t\t\t<\/div> <!-- row -->\n<\/div> <!-- blog-post-container -->\n<\/div><\/div><\/div><\/div><div id=\"pg-476-4\"  class=\"panel-grid panel-has-style\" ><div class=\"siteorigin-panels-stretch panel-row-style panel-row-style-for-476-4\" data-stretch-type=\"full\" ><div id=\"pgc-476-4-0\"  class=\"panel-grid-cell panel-grid-cell-empty\" ><\/div><\/div><\/div><div id=\"pg-476-5\"  class=\"panel-grid panel-has-style\" ><div class=\"panel-row-style panel-row-style-for-476-5\" ><div id=\"pgc-476-5-0\"  class=\"panel-grid-cell panel-grid-cell-empty\" ><\/div><\/div><\/div><\/div>","protected":false},"excerpt":{"rendered":"","protected":false},"author":1,"featured_media":0,"parent":0,"menu_order":0,"comment_status":"closed","ping_status":"closed","template":"page-templates\/page-builder.php","meta":{"footnotes":""},"class_list":["post-476","page","type-page","status-publish","hentry"],"_links":{"self":[{"href":"https:\/\/safelinks.bi\/index.php\/wp-json\/wp\/v2\/pages\/476","targetHints":{"allow":["GET"]}}],"collection":[{"href":"https:\/\/safelinks.bi\/index.php\/wp-json\/wp\/v2\/pages"}],"about":[{"href":"https:\/\/safelinks.bi\/index.php\/wp-json\/wp\/v2\/types\/page"}],"author":[{"embeddable":true,"href":"https:\/\/safelinks.bi\/index.php\/wp-json\/wp\/v2\/users\/1"}],"replies":[{"embeddable":true,"href":"https:\/\/safelinks.bi\/index.php\/wp-json\/wp\/v2\/comments?post=476"}],"version-history":[{"count":62,"href":"https:\/\/safelinks.bi\/index.php\/wp-json\/wp\/v2\/pages\/476\/revisions"}],"predecessor-version":[{"id":778,"href":"https:\/\/safelinks.bi\/index.php\/wp-json\/wp\/v2\/pages\/476\/revisions\/778"}],"wp:attachment":[{"href":"https:\/\/safelinks.bi\/index.php\/wp-json\/wp\/v2\/media?parent=476"}],"curies":[{"name":"wp","href":"https:\/\/api.w.org\/{rel}","templated":true}]}}